{"id":14,"date":"2023-03-08T16:42:03","date_gmt":"2023-03-08T16:42:03","guid":{"rendered":"https:\/\/go-webdesign.ch\/?page_id=14"},"modified":"2024-04-01T16:05:18","modified_gmt":"2024-04-01T16:05:18","slug":"home","status":"publish","type":"page","link":"https:\/\/go-webdesign.ch\/","title":{"rendered":"Home"},"content":{"rendered":"\t\t<div data-elementor-type=\"wp-page\" data-elementor-id=\"14\" class=\"elementor elementor-14\">\n\t\t\t\t<div class=\"elementor-element elementor-element-24db706 e-flex e-con-boxed e-con e-parent\" data-id=\"24db706\" data-element_type=\"container\" data-settings=\"{&quot;background_background&quot;:&quot;classic&quot;,&quot;_ha_eqh_enable&quot;:false}\" data-core-v316-plus=\"true\">\n\t\t\t\t\t<div class=\"e-con-inner\">\n\t\t<div class=\"elementor-element elementor-element-6817e0b e-con-full e-flex e-con e-child\" data-id=\"6817e0b\" data-element_type=\"container\" data-settings=\"{&quot;background_background&quot;:&quot;classic&quot;,&quot;_ha_eqh_enable&quot;:false}\">\n\t\t\t\t<div class=\"elementor-element elementor-element-c2a0264 elementor-invisible elementor-widget elementor-widget-heading\" data-id=\"c2a0264\" data-element_type=\"widget\" data-settings=\"{&quot;_animation&quot;:&quot;fadeInDown&quot;}\" data-widget_type=\"heading.default\">\n\t\t\t\t<div class=\"elementor-widget-container\">\n\t\t\t<style>\/*! elementor - v3.20.0 - 26-03-2024 *\/\n.elementor-heading-title{padding:0;margin:0;line-height:1}.elementor-widget-heading .elementor-heading-title[class*=elementor-size-]>a{color:inherit;font-size:inherit;line-height:inherit}.elementor-widget-heading .elementor-heading-title.elementor-size-small{font-size:15px}.elementor-widget-heading .elementor-heading-title.elementor-size-medium{font-size:19px}.elementor-widget-heading .elementor-heading-title.elementor-size-large{font-size:29px}.elementor-widget-heading .elementor-heading-title.elementor-size-xl{font-size:39px}.elementor-widget-heading .elementor-heading-title.elementor-size-xxl{font-size:59px}<\/style><h1 class=\"elementor-heading-title elementor-size-default\">Willkommen<\/h1>\t\t<\/div>\n\t\t\t\t<\/div>\n\t\t\t\t<div class=\"elementor-element elementor-element-d06fb71 elementor-invisible elementor-widget elementor-widget-text-editor\" data-id=\"d06fb71\" data-element_type=\"widget\" data-settings=\"{&quot;_animation&quot;:&quot;fadeInUp&quot;,&quot;_animation_delay&quot;:1500}\" data-widget_type=\"text-editor.default\">\n\t\t\t\t<div class=\"elementor-widget-container\">\n\t\t\t<style>\/*! elementor - v3.20.0 - 26-03-2024 *\/\n.elementor-widget-text-editor.elementor-drop-cap-view-stacked .elementor-drop-cap{background-color:#69727d;color:#fff}.elementor-widget-text-editor.elementor-drop-cap-view-framed .elementor-drop-cap{color:#69727d;border:3px solid;background-color:transparent}.elementor-widget-text-editor:not(.elementor-drop-cap-view-default) .elementor-drop-cap{margin-top:8px}.elementor-widget-text-editor:not(.elementor-drop-cap-view-default) .elementor-drop-cap-letter{width:1em;height:1em}.elementor-widget-text-editor .elementor-drop-cap{float:left;text-align:center;line-height:1;font-size:50px}.elementor-widget-text-editor .elementor-drop-cap-letter{display:inline-block}<\/style>\t\t\t\t<p>bei Usula Gosteli, go-webdesign, erh\u00e4lst du eine preiswerte Webseite!\u00a0<\/p><p>Schau rein, vielleicht gef\u00e4llt dir was und solltest du eine Webseite brauchen, dann bist du bei mir am richtigen Ort.\u00a0<\/p><p>Ich habe meinen Weg mit WordPress gefunden, die Seite wo du nie alleine da stehst.<\/p>\t\t\t\t\t\t<\/div>\n\t\t\t\t<\/div>\n\t\t\t\t<div class=\"elementor-element elementor-element-0461d24 elementor-view-default elementor-invisible elementor-widget elementor-widget-icon\" data-id=\"0461d24\" data-element_type=\"widget\" data-settings=\"{&quot;_animation&quot;:&quot;fadeIn&quot;,&quot;_animation_delay&quot;:2000}\" data-widget_type=\"icon.default\">\n\t\t\t\t<div class=\"elementor-widget-container\">\n\t\t\t\t\t<div class=\"elementor-icon-wrapper\">\n\t\t\t<a class=\"elementor-icon elementor-animation-grow\" href=\"#1\">\n\t\t\t<i aria-hidden=\"true\" class=\"fas fa-arrow-circle-down\"><\/i>\t\t\t<\/a>\n\t\t<\/div>\n\t\t\t\t<\/div>\n\t\t\t\t<\/div>\n\t\t\t\t<\/div>\n\t\t\t\t\t<\/div>\n\t\t\t\t<\/div>\n\t\t<div class=\"elementor-element elementor-element-8ab9a4d e-flex e-con-boxed e-con e-parent\" data-id=\"8ab9a4d\" data-element_type=\"container\" data-settings=\"{&quot;_ha_eqh_enable&quot;:false}\" data-core-v316-plus=\"true\">\n\t\t\t\t\t<div class=\"e-con-inner\">\n\t\t\t\t\t<\/div>\n\t\t\t\t<\/div>\n\t\t<div class=\"elementor-element elementor-element-332ff49 e-con-full e-flex e-con e-parent\" data-id=\"332ff49\" data-element_type=\"container\" data-settings=\"{&quot;background_background&quot;:&quot;classic&quot;,&quot;_ha_eqh_enable&quot;:false}\" data-core-v316-plus=\"true\">\n\t\t<div class=\"elementor-element elementor-element-bdbe9e2 e-con-full e-flex e-con e-child\" data-id=\"bdbe9e2\" data-element_type=\"container\" data-settings=\"{&quot;_ha_eqh_enable&quot;:false}\">\n\t\t\t\t<div class=\"elementor-element elementor-element-08d06c6 elementor-widget elementor-widget-menu-anchor\" data-id=\"08d06c6\" data-element_type=\"widget\" data-widget_type=\"menu-anchor.default\">\n\t\t\t\t<div class=\"elementor-widget-container\">\n\t\t\t<style>\/*! elementor - v3.20.0 - 26-03-2024 *\/\nbody.elementor-page .elementor-widget-menu-anchor{margin-bottom:0}<\/style>\t\t<div id=\"1\" class=\"elementor-menu-anchor\"><\/div>\n\t\t\t\t<\/div>\n\t\t\t\t<\/div>\n\t\t\t\t<div class=\"elementor-element elementor-element-170d77d gallery-spacing-custom elementor-widget elementor-widget-image-gallery\" data-id=\"170d77d\" data-element_type=\"widget\" data-widget_type=\"image-gallery.default\">\n\t\t\t\t<div class=\"elementor-widget-container\">\n\t\t\t<style>\/*! elementor - v3.20.0 - 26-03-2024 *\/\n.elementor-image-gallery .gallery-item{display:inline-block;text-align:center;vertical-align:top;width:100%;max-width:100%;margin:0 auto}.elementor-image-gallery .gallery-item img{margin:0 auto}.elementor-image-gallery .gallery-item .gallery-caption{margin:0}.elementor-image-gallery figure img{display:block}.elementor-image-gallery figure figcaption{width:100%}.gallery-spacing-custom .elementor-image-gallery .gallery-icon{padding:0}@media (min-width:768px){.elementor-image-gallery .gallery-columns-2 .gallery-item{max-width:50%}.elementor-image-gallery .gallery-columns-3 .gallery-item{max-width:33.33%}.elementor-image-gallery .gallery-columns-4 .gallery-item{max-width:25%}.elementor-image-gallery .gallery-columns-5 .gallery-item{max-width:20%}.elementor-image-gallery .gallery-columns-6 .gallery-item{max-width:16.666%}.elementor-image-gallery .gallery-columns-7 .gallery-item{max-width:14.28%}.elementor-image-gallery .gallery-columns-8 .gallery-item{max-width:12.5%}.elementor-image-gallery .gallery-columns-9 .gallery-item{max-width:11.11%}.elementor-image-gallery .gallery-columns-10 .gallery-item{max-width:10%}}@media (min-width:480px) and (max-width:767px){.elementor-image-gallery .gallery.gallery-columns-2 .gallery-item,.elementor-image-gallery .gallery.gallery-columns-3 .gallery-item,.elementor-image-gallery .gallery.gallery-columns-4 .gallery-item,.elementor-image-gallery .gallery.gallery-columns-5 .gallery-item,.elementor-image-gallery .gallery.gallery-columns-6 .gallery-item,.elementor-image-gallery .gallery.gallery-columns-7 .gallery-item,.elementor-image-gallery .gallery.gallery-columns-8 .gallery-item,.elementor-image-gallery .gallery.gallery-columns-9 .gallery-item,.elementor-image-gallery .gallery.gallery-columns-10 .gallery-item{max-width:50%}}@media (max-width:479px){.elementor-image-gallery .gallery.gallery-columns-2 .gallery-item,.elementor-image-gallery .gallery.gallery-columns-3 .gallery-item,.elementor-image-gallery .gallery.gallery-columns-4 .gallery-item,.elementor-image-gallery .gallery.gallery-columns-5 .gallery-item,.elementor-image-gallery .gallery.gallery-columns-6 .gallery-item,.elementor-image-gallery .gallery.gallery-columns-7 .gallery-item,.elementor-image-gallery .gallery.gallery-columns-8 .gallery-item,.elementor-image-gallery .gallery.gallery-columns-9 .gallery-item,.elementor-image-gallery .gallery.gallery-columns-10 .gallery-item{max-width:100%}}<\/style>\t\t<div class=\"elementor-image-gallery\">\n\t\t\t<div id='gallery-1' class='gallery galleryid-14 gallery-columns-3 gallery-size-large'><figure class='gallery-item'>\n\t\t\t<div class='gallery-icon portrait'>\n\t\t\t\t<img fetchpriority=\"high\" decoding=\"async\" width=\"679\" height=\"1024\" src=\"https:\/\/go-webdesign.ch\/wp-content\/uploads\/2023\/04\/LadyHBzuerich-679x1024.jpg\" class=\"attachment-large size-large\" alt=\"\" srcset=\"https:\/\/go-webdesign.ch\/wp-content\/uploads\/2023\/04\/LadyHBzuerich-679x1024.jpg 679w, https:\/\/go-webdesign.ch\/wp-content\/uploads\/2023\/04\/LadyHBzuerich-199x300.jpg 199w, https:\/\/go-webdesign.ch\/wp-content\/uploads\/2023\/04\/LadyHBzuerich-768x1157.jpg 768w, https:\/\/go-webdesign.ch\/wp-content\/uploads\/2023\/04\/LadyHBzuerich-500x754.jpg 500w, https:\/\/go-webdesign.ch\/wp-content\/uploads\/2023\/04\/LadyHBzuerich-800x1206.jpg 800w, https:\/\/go-webdesign.ch\/wp-content\/uploads\/2023\/04\/LadyHBzuerich.jpg 1000w\" sizes=\"(max-width: 679px) 100vw, 679px\" \/>\n\t\t\t<\/div><\/figure><figure class='gallery-item'>\n\t\t\t<div class='gallery-icon portrait'>\n\t\t\t\t<img decoding=\"async\" width=\"679\" height=\"1024\" src=\"https:\/\/go-webdesign.ch\/wp-content\/uploads\/2023\/04\/haseHBzuerich-679x1024.jpg\" class=\"attachment-large size-large\" alt=\"\" srcset=\"https:\/\/go-webdesign.ch\/wp-content\/uploads\/2023\/04\/haseHBzuerich-679x1024.jpg 679w, https:\/\/go-webdesign.ch\/wp-content\/uploads\/2023\/04\/haseHBzuerich-199x300.jpg 199w, https:\/\/go-webdesign.ch\/wp-content\/uploads\/2023\/04\/haseHBzuerich-768x1157.jpg 768w, https:\/\/go-webdesign.ch\/wp-content\/uploads\/2023\/04\/haseHBzuerich-500x754.jpg 500w, https:\/\/go-webdesign.ch\/wp-content\/uploads\/2023\/04\/haseHBzuerich-800x1206.jpg 800w, https:\/\/go-webdesign.ch\/wp-content\/uploads\/2023\/04\/haseHBzuerich.jpg 1000w\" sizes=\"(max-width: 679px) 100vw, 679px\" \/>\n\t\t\t<\/div><\/figure><figure class='gallery-item'>\n\t\t\t<div class='gallery-icon portrait'>\n\t\t\t\t<img decoding=\"async\" width=\"679\" height=\"1024\" src=\"https:\/\/go-webdesign.ch\/wp-content\/uploads\/2023\/04\/veloSihlquai-679x1024.jpg\" class=\"attachment-large size-large\" alt=\"\" srcset=\"https:\/\/go-webdesign.ch\/wp-content\/uploads\/2023\/04\/veloSihlquai-679x1024.jpg 679w, https:\/\/go-webdesign.ch\/wp-content\/uploads\/2023\/04\/veloSihlquai-199x300.jpg 199w, https:\/\/go-webdesign.ch\/wp-content\/uploads\/2023\/04\/veloSihlquai-768x1157.jpg 768w, https:\/\/go-webdesign.ch\/wp-content\/uploads\/2023\/04\/veloSihlquai-500x754.jpg 500w, https:\/\/go-webdesign.ch\/wp-content\/uploads\/2023\/04\/veloSihlquai-800x1206.jpg 800w, https:\/\/go-webdesign.ch\/wp-content\/uploads\/2023\/04\/veloSihlquai.jpg 1000w\" sizes=\"(max-width: 679px) 100vw, 679px\" \/>\n\t\t\t<\/div><\/figure>\n\t\t<\/div>\n\t\t<\/div>\n\t\t\t\t<\/div>\n\t\t\t\t<\/div>\n\t\t\t\t<\/div>\n\t\t<div class=\"elementor-element elementor-element-cb7182c e-con-full e-flex e-con e-child\" data-id=\"cb7182c\" data-element_type=\"container\" data-settings=\"{&quot;background_background&quot;:&quot;classic&quot;,&quot;_ha_eqh_enable&quot;:false}\">\n\t\t\t\t<div class=\"elementor-element elementor-element-1b73c43 elementor-widget elementor-widget-heading\" data-id=\"1b73c43\" data-element_type=\"widget\" data-widget_type=\"heading.default\">\n\t\t\t\t<div class=\"elementor-widget-container\">\n\t\t\t<h2 class=\"elementor-heading-title elementor-size-default\">Schau dir meine Webseiten an<\/h2>\t\t<\/div>\n\t\t\t\t<\/div>\n\t\t\t\t<div class=\"elementor-element elementor-element-71b8c10 elementor-widget elementor-widget-heading\" data-id=\"71b8c10\" data-element_type=\"widget\" data-widget_type=\"heading.default\">\n\t\t\t\t<div class=\"elementor-widget-container\">\n\t\t\t<h3 class=\"elementor-heading-title elementor-size-default\">WordPress benutze ich f\u00fcr Wunschkarte.ch und sie ist aus meiner Dubai Zeit erstanden.<\/h3>\t\t<\/div>\n\t\t\t\t<\/div>\n\t\t\t\t<div class=\"elementor-element elementor-element-4904b26 elementor-align-center elementor-widget elementor-widget-button\" data-id=\"4904b26\" data-element_type=\"widget\" data-widget_type=\"button.default\">\n\t\t\t\t<div class=\"elementor-widget-container\">\n\t\t\t\t\t<div class=\"elementor-button-wrapper\">\n\t\t\t<a class=\"elementor-button elementor-button-link elementor-size-sm\" href=\"https:\/\/wunschkarte.ch\/ansicht\/\" target=\"_blank\">\n\t\t\t\t\t\t<span class=\"elementor-button-content-wrapper\">\n\t\t\t\t\t\t<span class=\"elementor-button-icon elementor-align-icon-left\">\n\t\t\t\t<i aria-hidden=\"true\" class=\"fas fa-apple-alt\"><\/i>\t\t\t<\/span>\n\t\t\t\t\t\t<span class=\"elementor-button-text\">www.wunschkarte.ch<\/span>\n\t\t<\/span>\n\t\t\t\t\t<\/a>\n\t\t<\/div>\n\t\t\t\t<\/div>\n\t\t\t\t<\/div>\n\t\t\t\t<div class=\"elementor-element elementor-element-4ea08fe elementor-widget elementor-widget-text-editor\" data-id=\"4ea08fe\" data-element_type=\"widget\" data-widget_type=\"text-editor.default\">\n\t\t\t\t<div class=\"elementor-widget-container\">\n\t\t\t\t\t\t\t<p>Praktisch 10 Jahre lang besuchte ich meine Tochter ein- oder zweimal in Dubai. F\u00fcr mich ist es eine Virtuelle Welt, vor allem im Sommer. Alles ist perfekt, doch das Leben beschr\u00e4nt sich auf gek\u00fchlte Orte.<\/p>\t\t\t\t\t\t<\/div>\n\t\t\t\t<\/div>\n\t\t\t\t<\/div>\n\t\t\t\t<\/div>\n\t\t<div class=\"elementor-element elementor-element-e5c765d e-con-full e-flex e-con e-parent\" data-id=\"e5c765d\" data-element_type=\"container\" data-settings=\"{&quot;_ha_eqh_enable&quot;:false}\" data-core-v316-plus=\"true\">\n\t\t<div class=\"elementor-element elementor-element-2e56130 animated-slow e-con-full e-flex elementor-invisible e-con e-child\" data-id=\"2e56130\" data-element_type=\"container\" data-settings=\"{&quot;background_background&quot;:&quot;gradient&quot;,&quot;animation&quot;:&quot;fadeInLeft&quot;,&quot;animation_delay&quot;:1000,&quot;_ha_eqh_enable&quot;:false}\">\n\t\t\t\t<div class=\"elementor-element elementor-element-9c5741f elementor-widget elementor-widget-heading\" data-id=\"9c5741f\" data-element_type=\"widget\" data-widget_type=\"heading.default\">\n\t\t\t\t<div class=\"elementor-widget-container\">\n\t\t\t<h2 class=\"elementor-heading-title elementor-size-default\">Erinnerungen an geliebte Haustiere<\/h2>\t\t<\/div>\n\t\t\t\t<\/div>\n\t\t\t\t<div class=\"elementor-element elementor-element-f1e4417 elementor-widget elementor-widget-heading\" data-id=\"f1e4417\" data-element_type=\"widget\" data-widget_type=\"heading.default\">\n\t\t\t\t<div class=\"elementor-widget-container\">\n\t\t\t<h3 class=\"elementor-heading-title elementor-size-default\">Tollen sie jetzt im Katzenhimmel herum?<\/h3>\t\t<\/div>\n\t\t\t\t<\/div>\n\t\t\t\t<div class=\"elementor-element elementor-element-5e3be92 elementor-align-center elementor-widget elementor-widget-button\" data-id=\"5e3be92\" data-element_type=\"widget\" data-widget_type=\"button.default\">\n\t\t\t\t<div class=\"elementor-widget-container\">\n\t\t\t\t\t<div class=\"elementor-button-wrapper\">\n\t\t\t<a class=\"elementor-button elementor-button-link elementor-size-sm\" href=\"https:\/\/memorials.ch\" target=\"_blank\">\n\t\t\t\t\t\t<span class=\"elementor-button-content-wrapper\">\n\t\t\t\t\t\t<span class=\"elementor-button-icon elementor-align-icon-left\">\n\t\t\t\t<i aria-hidden=\"true\" class=\"fas fa-cat\"><\/i>\t\t\t<\/span>\n\t\t\t\t\t\t<span class=\"elementor-button-text\">www.memorials.ch<\/span>\n\t\t<\/span>\n\t\t\t\t\t<\/a>\n\t\t<\/div>\n\t\t\t\t<\/div>\n\t\t\t\t<\/div>\n\t\t\t\t<\/div>\n\t\t<div class=\"elementor-element elementor-element-42169ff e-con-full e-flex e-con e-child\" data-id=\"42169ff\" data-element_type=\"container\" data-settings=\"{&quot;_ha_eqh_enable&quot;:false}\">\n\t\t\t\t<div class=\"elementor-element elementor-element-c0b9627 elementor-widget elementor-widget-image\" data-id=\"c0b9627\" data-element_type=\"widget\" data-widget_type=\"image.default\">\n\t\t\t\t<div class=\"elementor-widget-container\">\n\t\t\t<style>\/*! elementor - v3.20.0 - 26-03-2024 *\/\n.elementor-widget-image{text-align:center}.elementor-widget-image a{display:inline-block}.elementor-widget-image a img[src$=\".svg\"]{width:48px}.elementor-widget-image img{vertical-align:middle;display:inline-block}<\/style>\t\t\t\t\t\t\t\t\t\t<img loading=\"lazy\" decoding=\"async\" width=\"800\" height=\"538\" src=\"https:\/\/go-webdesign.ch\/wp-content\/uploads\/2023\/04\/tulpen-1024x689.jpg\" class=\"attachment-large size-large wp-image-253\" alt=\"\" srcset=\"https:\/\/go-webdesign.ch\/wp-content\/uploads\/2023\/04\/tulpen-1024x689.jpg 1024w, https:\/\/go-webdesign.ch\/wp-content\/uploads\/2023\/04\/tulpen-300x202.jpg 300w, https:\/\/go-webdesign.ch\/wp-content\/uploads\/2023\/04\/tulpen-768x516.jpg 768w, https:\/\/go-webdesign.ch\/wp-content\/uploads\/2023\/04\/tulpen-500x336.jpg 500w, https:\/\/go-webdesign.ch\/wp-content\/uploads\/2023\/04\/tulpen-800x538.jpg 800w, https:\/\/go-webdesign.ch\/wp-content\/uploads\/2023\/04\/tulpen.jpg 1200w\" sizes=\"(max-width: 800px) 100vw, 800px\" \/>\t\t\t\t\t\t\t\t\t\t\t\t\t<\/div>\n\t\t\t\t<\/div>\n\t\t\t\t<\/div>\n\t\t\t\t<\/div>\n\t\t\t\t<\/div>\n\t\t","protected":false},"excerpt":{"rendered":"<p>Willkommen bei Usula Gosteli, go-webdesign, erh\u00e4lst du eine preiswerte Webseite!\u00a0 Schau rein, vielleicht gef\u00e4llt dir was und solltest du eine Webseite brauchen, dann bist du bei mir am richtigen Ort.\u00a0 Ich habe meinen Weg mit WordPress gefunden, die Seite wo du nie alleine da stehst. Schau dir meine Webseiten an WordPress benutze ich f\u00fcr Wunschkarte.ch [&hellip;]<\/p>\n","protected":false},"author":1,"featured_media":0,"parent":0,"menu_order":0,"comment_status":"closed","ping_status":"closed","template":"","meta":{"_vp_format_video_url":"","_vp_image_focal_point":[],"footnotes":""},"class_list":["post-14","page","type-page","status-publish","hentry"],"_links":{"self":[{"href":"https:\/\/go-webdesign.ch\/index.php\/wp-json\/wp\/v2\/pages\/14","targetHints":{"allow":["GET"]}}],"collection":[{"href":"https:\/\/go-webdesign.ch\/index.php\/wp-json\/wp\/v2\/pages"}],"about":[{"href":"https:\/\/go-webdesign.ch\/index.php\/wp-json\/wp\/v2\/types\/page"}],"author":[{"embeddable":true,"href":"https:\/\/go-webdesign.ch\/index.php\/wp-json\/wp\/v2\/users\/1"}],"replies":[{"embeddable":true,"href":"https:\/\/go-webdesign.ch\/index.php\/wp-json\/wp\/v2\/comments?post=14"}],"version-history":[{"count":215,"href":"https:\/\/go-webdesign.ch\/index.php\/wp-json\/wp\/v2\/pages\/14\/revisions"}],"predecessor-version":[{"id":730,"href":"https:\/\/go-webdesign.ch\/index.php\/wp-json\/wp\/v2\/pages\/14\/revisions\/730"}],"wp:attachment":[{"href":"https:\/\/go-webdesign.ch\/index.php\/wp-json\/wp\/v2\/media?parent=14"}],"curies":[{"name":"wp","href":"https:\/\/api.w.org\/{rel}","templated":true}]}}