{"id":21,"date":"2023-03-08T16:48:37","date_gmt":"2023-03-08T16:48:37","guid":{"rendered":"https:\/\/go-webdesign.ch\/?page_id=21"},"modified":"2023-07-09T07:52:21","modified_gmt":"2023-07-09T07:52:21","slug":"referenzen","status":"publish","type":"page","link":"https:\/\/go-webdesign.ch\/index.php\/referenzen\/","title":{"rendered":"Galerie"},"content":{"rendered":"\t\t<div data-elementor-type=\"wp-page\" data-elementor-id=\"21\" class=\"elementor elementor-21\">\n\t\t\t\t<div class=\"elementor-element elementor-element-123519d e-con-full e-flex e-con e-parent\" data-id=\"123519d\" data-element_type=\"container\" data-settings=\"{&quot;_ha_eqh_enable&quot;:false}\" data-core-v316-plus=\"true\">\n\t\t<div class=\"elementor-element elementor-element-7e3cdc6 e-con-full e-flex e-con e-parent\" data-id=\"7e3cdc6\" data-element_type=\"container\" data-settings=\"{&quot;_ha_eqh_enable&quot;:false}\" data-core-v316-plus=\"true\">\n\t\t\t\t<div class=\"elementor-element elementor-element-87b37c5 elementor-widget elementor-widget-image\" data-id=\"87b37c5\" data-element_type=\"widget\" data-widget_type=\"image.default\">\n\t\t\t\t<div class=\"elementor-widget-container\">\n\t\t\t<style>\/*! elementor - v3.20.0 - 26-03-2024 *\/\n.elementor-widget-image{text-align:center}.elementor-widget-image a{display:inline-block}.elementor-widget-image a img[src$=\".svg\"]{width:48px}.elementor-widget-image img{vertical-align:middle;display:inline-block}<\/style>\t\t\t\t\t\t\t\t\t\t\t<a href=\"https:\/\/go-webdesign.ch\/wp-content\/uploads\/2023\/06\/IMG_3712-scaled.jpeg\" data-elementor-open-lightbox=\"yes\" data-elementor-lightbox-title=\"IMG_3712\" data-e-action-hash=\"#elementor-action%3Aaction%3Dlightbox%26settings%3DeyJpZCI6NDk0LCJ1cmwiOiJodHRwczpcL1wvZ28td2ViZGVzaWduLmNoXC93cC1jb250ZW50XC91cGxvYWRzXC8yMDIzXC8wNlwvSU1HXzM3MTItc2NhbGVkLmpwZWcifQ%3D%3D\">\n\t\t\t\t\t\t\t<img fetchpriority=\"high\" decoding=\"async\" width=\"800\" height=\"600\" src=\"https:\/\/go-webdesign.ch\/wp-content\/uploads\/2023\/06\/IMG_3712-1024x768.jpeg\" class=\"attachment-large size-large wp-image-494\" alt=\"\" srcset=\"https:\/\/go-webdesign.ch\/wp-content\/uploads\/2023\/06\/IMG_3712-1024x768.jpeg 1024w, https:\/\/go-webdesign.ch\/wp-content\/uploads\/2023\/06\/IMG_3712-300x225.jpeg 300w, https:\/\/go-webdesign.ch\/wp-content\/uploads\/2023\/06\/IMG_3712-768x576.jpeg 768w, https:\/\/go-webdesign.ch\/wp-content\/uploads\/2023\/06\/IMG_3712-1536x1152.jpeg 1536w, https:\/\/go-webdesign.ch\/wp-content\/uploads\/2023\/06\/IMG_3712-2048x1536.jpeg 2048w, https:\/\/go-webdesign.ch\/wp-content\/uploads\/2023\/06\/IMG_3712-500x375.jpeg 500w, https:\/\/go-webdesign.ch\/wp-content\/uploads\/2023\/06\/IMG_3712-800x600.jpeg 800w, https:\/\/go-webdesign.ch\/wp-content\/uploads\/2023\/06\/IMG_3712-1280x960.jpeg 1280w, https:\/\/go-webdesign.ch\/wp-content\/uploads\/2023\/06\/IMG_3712-1920x1440.jpeg 1920w\" sizes=\"(max-width: 800px) 100vw, 800px\" \/>\t\t\t\t\t\t\t\t<\/a>\n\t\t\t\t\t\t\t\t\t\t\t\t\t<\/div>\n\t\t\t\t<\/div>\n\t\t\t\t<div class=\"elementor-element elementor-element-d7e3d3b elementor-widget elementor-widget-text-editor\" data-id=\"d7e3d3b\" data-element_type=\"widget\" data-widget_type=\"text-editor.default\">\n\t\t\t\t<div class=\"elementor-widget-container\">\n\t\t\t<style>\/*! elementor - v3.20.0 - 26-03-2024 *\/\n.elementor-widget-text-editor.elementor-drop-cap-view-stacked .elementor-drop-cap{background-color:#69727d;color:#fff}.elementor-widget-text-editor.elementor-drop-cap-view-framed .elementor-drop-cap{color:#69727d;border:3px solid;background-color:transparent}.elementor-widget-text-editor:not(.elementor-drop-cap-view-default) .elementor-drop-cap{margin-top:8px}.elementor-widget-text-editor:not(.elementor-drop-cap-view-default) .elementor-drop-cap-letter{width:1em;height:1em}.elementor-widget-text-editor .elementor-drop-cap{float:left;text-align:center;line-height:1;font-size:50px}.elementor-widget-text-editor .elementor-drop-cap-letter{display:inline-block}<\/style>\t\t\t\t<h4>Bis nach Frauenkappelen<\/h4><p>Das Huhn schaut nach Frauenkappelen und zum dahin serbelnden Kastanienbaum. Leider lassen es die gr\u00f6sseren V\u00f6gel nicht zu, dass in den zwei Vogelh\u00e4uschen kleinere V\u00f6gel ihre Eier hineinlegen.\u00a0<\/p>\t\t\t\t\t\t<\/div>\n\t\t\t\t<\/div>\n\t\t\t\t<\/div>\n\t\t<div class=\"elementor-element elementor-element-464665e e-con-full e-flex e-con e-parent\" data-id=\"464665e\" data-element_type=\"container\" data-settings=\"{&quot;_ha_eqh_enable&quot;:false}\" data-core-v316-plus=\"true\">\n\t\t\t\t<div class=\"elementor-element elementor-element-ae9d7e9 elementor-widget elementor-widget-image\" data-id=\"ae9d7e9\" data-element_type=\"widget\" data-widget_type=\"image.default\">\n\t\t\t\t<div class=\"elementor-widget-container\">\n\t\t\t\t\t\t\t\t\t\t\t\t\t\t<a href=\"https:\/\/go-webdesign.ch\/wp-content\/uploads\/2023\/06\/IMG_3713-scaled.jpeg\" data-elementor-open-lightbox=\"yes\" data-elementor-lightbox-title=\"IMG_3713\" data-e-action-hash=\"#elementor-action%3Aaction%3Dlightbox%26settings%3DeyJpZCI6NDkzLCJ1cmwiOiJodHRwczpcL1wvZ28td2ViZGVzaWduLmNoXC93cC1jb250ZW50XC91cGxvYWRzXC8yMDIzXC8wNlwvSU1HXzM3MTMtc2NhbGVkLmpwZWcifQ%3D%3D\">\n\t\t\t\t\t\t\t<img decoding=\"async\" width=\"800\" height=\"600\" src=\"https:\/\/go-webdesign.ch\/wp-content\/uploads\/2023\/06\/IMG_3713-1024x768.jpeg\" class=\"attachment-large size-large wp-image-493\" alt=\"\" srcset=\"https:\/\/go-webdesign.ch\/wp-content\/uploads\/2023\/06\/IMG_3713-1024x768.jpeg 1024w, https:\/\/go-webdesign.ch\/wp-content\/uploads\/2023\/06\/IMG_3713-300x225.jpeg 300w, https:\/\/go-webdesign.ch\/wp-content\/uploads\/2023\/06\/IMG_3713-768x576.jpeg 768w, https:\/\/go-webdesign.ch\/wp-content\/uploads\/2023\/06\/IMG_3713-1536x1152.jpeg 1536w, https:\/\/go-webdesign.ch\/wp-content\/uploads\/2023\/06\/IMG_3713-2048x1536.jpeg 2048w, https:\/\/go-webdesign.ch\/wp-content\/uploads\/2023\/06\/IMG_3713-500x375.jpeg 500w, https:\/\/go-webdesign.ch\/wp-content\/uploads\/2023\/06\/IMG_3713-800x600.jpeg 800w, https:\/\/go-webdesign.ch\/wp-content\/uploads\/2023\/06\/IMG_3713-1280x960.jpeg 1280w, https:\/\/go-webdesign.ch\/wp-content\/uploads\/2023\/06\/IMG_3713-1920x1440.jpeg 1920w\" sizes=\"(max-width: 800px) 100vw, 800px\" \/>\t\t\t\t\t\t\t\t<\/a>\n\t\t\t\t\t\t\t\t\t\t\t\t\t<\/div>\n\t\t\t\t<\/div>\n\t\t\t\t<div class=\"elementor-element elementor-element-3dd46bc elementor-widget elementor-widget-text-editor\" data-id=\"3dd46bc\" data-element_type=\"widget\" data-widget_type=\"text-editor.default\">\n\t\t\t\t<div class=\"elementor-widget-container\">\n\t\t\t\t\t\t\t<h3>Bl\u00fchende Pfingstrosen\u00a0<\/h3><p>Sie versch\u00f6nert die Fassade und passt sich allem an. Sie bl\u00fcht eine kurze Zeit und wir k\u00f6nnen uns daran erfreuen.<\/p>\t\t\t\t\t\t<\/div>\n\t\t\t\t<\/div>\n\t\t\t\t<\/div>\n\t\t<div class=\"elementor-element elementor-element-03277c8 e-con-full e-flex e-con e-parent\" data-id=\"03277c8\" data-element_type=\"container\" data-settings=\"{&quot;_ha_eqh_enable&quot;:false}\" data-core-v316-plus=\"true\">\n\t\t\t\t<div class=\"elementor-element elementor-element-28587ba elementor-widget elementor-widget-image\" data-id=\"28587ba\" data-element_type=\"widget\" data-widget_type=\"image.default\">\n\t\t\t\t<div class=\"elementor-widget-container\">\n\t\t\t\t\t\t\t\t\t\t\t\t\t\t<a href=\"https:\/\/go-webdesign.ch\/wp-content\/uploads\/2023\/06\/IMG_3714-scaled.jpeg\" data-elementor-open-lightbox=\"yes\" data-elementor-lightbox-title=\"IMG_3714\" data-e-action-hash=\"#elementor-action%3Aaction%3Dlightbox%26settings%3DeyJpZCI6NDkyLCJ1cmwiOiJodHRwczpcL1wvZ28td2ViZGVzaWduLmNoXC93cC1jb250ZW50XC91cGxvYWRzXC8yMDIzXC8wNlwvSU1HXzM3MTQtc2NhbGVkLmpwZWcifQ%3D%3D\">\n\t\t\t\t\t\t\t<img decoding=\"async\" width=\"800\" height=\"600\" src=\"https:\/\/go-webdesign.ch\/wp-content\/uploads\/2023\/06\/IMG_3714-1024x768.jpeg\" class=\"attachment-large size-large wp-image-492\" alt=\"\" srcset=\"https:\/\/go-webdesign.ch\/wp-content\/uploads\/2023\/06\/IMG_3714-1024x768.jpeg 1024w, https:\/\/go-webdesign.ch\/wp-content\/uploads\/2023\/06\/IMG_3714-300x225.jpeg 300w, https:\/\/go-webdesign.ch\/wp-content\/uploads\/2023\/06\/IMG_3714-768x576.jpeg 768w, https:\/\/go-webdesign.ch\/wp-content\/uploads\/2023\/06\/IMG_3714-1536x1152.jpeg 1536w, https:\/\/go-webdesign.ch\/wp-content\/uploads\/2023\/06\/IMG_3714-2048x1536.jpeg 2048w, https:\/\/go-webdesign.ch\/wp-content\/uploads\/2023\/06\/IMG_3714-500x375.jpeg 500w, https:\/\/go-webdesign.ch\/wp-content\/uploads\/2023\/06\/IMG_3714-800x600.jpeg 800w, https:\/\/go-webdesign.ch\/wp-content\/uploads\/2023\/06\/IMG_3714-1280x960.jpeg 1280w, https:\/\/go-webdesign.ch\/wp-content\/uploads\/2023\/06\/IMG_3714-1920x1440.jpeg 1920w\" sizes=\"(max-width: 800px) 100vw, 800px\" \/>\t\t\t\t\t\t\t\t<\/a>\n\t\t\t\t\t\t\t\t\t\t\t\t\t<\/div>\n\t\t\t\t<\/div>\n\t\t\t\t<div class=\"elementor-element elementor-element-5cfdc63 elementor-widget elementor-widget-text-editor\" data-id=\"5cfdc63\" data-element_type=\"widget\" data-widget_type=\"text-editor.default\">\n\t\t\t\t<div class=\"elementor-widget-container\">\n\t\t\t\t\t\t\t<h3>Andere Perspektive<\/h3><p>Die Gartenpracht ist herrlich und jede Jahreszeit bringt etwas besonderes hervor.\u00a0<\/p>\t\t\t\t\t\t<\/div>\n\t\t\t\t<\/div>\n\t\t\t\t<\/div>\n\t\t<div class=\"elementor-element elementor-element-f40476f e-con-full e-flex e-con e-parent\" data-id=\"f40476f\" data-element_type=\"container\" data-settings=\"{&quot;_ha_eqh_enable&quot;:false}\" data-core-v316-plus=\"true\">\n\t\t\t\t<div class=\"elementor-element elementor-element-0674981 elementor-widget elementor-widget-image\" data-id=\"0674981\" data-element_type=\"widget\" data-widget_type=\"image.default\">\n\t\t\t\t<div class=\"elementor-widget-container\">\n\t\t\t\t\t\t\t\t\t\t\t\t\t\t<a href=\"https:\/\/go-webdesign.ch\/wp-content\/uploads\/2023\/06\/IMG_3715-scaled.jpeg\" data-elementor-open-lightbox=\"yes\" data-elementor-lightbox-title=\"IMG_3715\" data-e-action-hash=\"#elementor-action%3Aaction%3Dlightbox%26settings%3DeyJpZCI6NDkxLCJ1cmwiOiJodHRwczpcL1wvZ28td2ViZGVzaWduLmNoXC93cC1jb250ZW50XC91cGxvYWRzXC8yMDIzXC8wNlwvSU1HXzM3MTUtc2NhbGVkLmpwZWcifQ%3D%3D\">\n\t\t\t\t\t\t\t<img loading=\"lazy\" decoding=\"async\" width=\"800\" height=\"600\" src=\"https:\/\/go-webdesign.ch\/wp-content\/uploads\/2023\/06\/IMG_3715-1024x768.jpeg\" class=\"attachment-large size-large wp-image-491\" alt=\"\" srcset=\"https:\/\/go-webdesign.ch\/wp-content\/uploads\/2023\/06\/IMG_3715-1024x768.jpeg 1024w, https:\/\/go-webdesign.ch\/wp-content\/uploads\/2023\/06\/IMG_3715-300x225.jpeg 300w, https:\/\/go-webdesign.ch\/wp-content\/uploads\/2023\/06\/IMG_3715-768x576.jpeg 768w, https:\/\/go-webdesign.ch\/wp-content\/uploads\/2023\/06\/IMG_3715-1536x1152.jpeg 1536w, https:\/\/go-webdesign.ch\/wp-content\/uploads\/2023\/06\/IMG_3715-2048x1536.jpeg 2048w, https:\/\/go-webdesign.ch\/wp-content\/uploads\/2023\/06\/IMG_3715-500x375.jpeg 500w, https:\/\/go-webdesign.ch\/wp-content\/uploads\/2023\/06\/IMG_3715-800x600.jpeg 800w, https:\/\/go-webdesign.ch\/wp-content\/uploads\/2023\/06\/IMG_3715-1280x960.jpeg 1280w, https:\/\/go-webdesign.ch\/wp-content\/uploads\/2023\/06\/IMG_3715-1920x1440.jpeg 1920w\" sizes=\"(max-width: 800px) 100vw, 800px\" \/>\t\t\t\t\t\t\t\t<\/a>\n\t\t\t\t\t\t\t\t\t\t\t\t\t<\/div>\n\t\t\t\t<\/div>\n\t\t\t\t<div class=\"elementor-element elementor-element-90d3722 elementor-widget elementor-widget-text-editor\" data-id=\"90d3722\" data-element_type=\"widget\" data-widget_type=\"text-editor.default\">\n\t\t\t\t<div class=\"elementor-widget-container\">\n\t\t\t\t\t\t\t<h3>Berg-Waldrebe<\/h3><p>Sie sieht so soll aus an der Hecke, ein richtiger Augenf\u00e4nger.\u00a0<\/p>\t\t\t\t\t\t<\/div>\n\t\t\t\t<\/div>\n\t\t\t\t<\/div>\n\t\t<div class=\"elementor-element elementor-element-d3c0fc4 e-con-full e-flex e-con e-parent\" data-id=\"d3c0fc4\" data-element_type=\"container\" data-settings=\"{&quot;_ha_eqh_enable&quot;:false}\" data-core-v316-plus=\"true\">\n\t\t\t\t<div class=\"elementor-element elementor-element-8c9febe elementor-widget elementor-widget-image\" data-id=\"8c9febe\" data-element_type=\"widget\" data-widget_type=\"image.default\">\n\t\t\t\t<div class=\"elementor-widget-container\">\n\t\t\t\t\t\t\t\t\t\t\t\t\t\t<a href=\"https:\/\/go-webdesign.ch\/wp-content\/uploads\/2023\/06\/IMG_3707-scaled.jpeg\" data-elementor-open-lightbox=\"yes\" data-elementor-lightbox-title=\"IMG_3707\" data-e-action-hash=\"#elementor-action%3Aaction%3Dlightbox%26settings%3DeyJpZCI6NDk3LCJ1cmwiOiJodHRwczpcL1wvZ28td2ViZGVzaWduLmNoXC93cC1jb250ZW50XC91cGxvYWRzXC8yMDIzXC8wNlwvSU1HXzM3MDctc2NhbGVkLmpwZWcifQ%3D%3D\">\n\t\t\t\t\t\t\t<img loading=\"lazy\" decoding=\"async\" width=\"800\" height=\"600\" src=\"https:\/\/go-webdesign.ch\/wp-content\/uploads\/2023\/06\/IMG_3707-1024x768.jpeg\" class=\"attachment-large size-large wp-image-497\" alt=\"\" srcset=\"https:\/\/go-webdesign.ch\/wp-content\/uploads\/2023\/06\/IMG_3707-1024x768.jpeg 1024w, https:\/\/go-webdesign.ch\/wp-content\/uploads\/2023\/06\/IMG_3707-300x225.jpeg 300w, https:\/\/go-webdesign.ch\/wp-content\/uploads\/2023\/06\/IMG_3707-768x576.jpeg 768w, https:\/\/go-webdesign.ch\/wp-content\/uploads\/2023\/06\/IMG_3707-1536x1152.jpeg 1536w, https:\/\/go-webdesign.ch\/wp-content\/uploads\/2023\/06\/IMG_3707-2048x1536.jpeg 2048w, https:\/\/go-webdesign.ch\/wp-content\/uploads\/2023\/06\/IMG_3707-500x375.jpeg 500w, https:\/\/go-webdesign.ch\/wp-content\/uploads\/2023\/06\/IMG_3707-800x600.jpeg 800w, https:\/\/go-webdesign.ch\/wp-content\/uploads\/2023\/06\/IMG_3707-1280x960.jpeg 1280w, https:\/\/go-webdesign.ch\/wp-content\/uploads\/2023\/06\/IMG_3707-1920x1440.jpeg 1920w\" sizes=\"(max-width: 800px) 100vw, 800px\" \/>\t\t\t\t\t\t\t\t<\/a>\n\t\t\t\t\t\t\t\t\t\t\t\t\t<\/div>\n\t\t\t\t<\/div>\n\t\t\t\t<div class=\"elementor-element elementor-element-6cadf63 elementor-widget elementor-widget-text-editor\" data-id=\"6cadf63\" data-element_type=\"widget\" data-widget_type=\"text-editor.default\">\n\t\t\t\t<div class=\"elementor-widget-container\">\n\t\t\t\t\t\t\t<h3>Balkon gegen Westen<\/h3><p>Hier bleibt es am Abend sch\u00f6n warm und es ist angenehm zum lesen oder auch nur, um die Gegend zu beobachten. Links ist immer noch der Ausblick f\u00fcr Mitze.\u00a0<\/p>\t\t\t\t\t\t<\/div>\n\t\t\t\t<\/div>\n\t\t\t\t<\/div>\n\t\t<div class=\"elementor-element elementor-element-53e1cfd e-con-full e-flex e-con e-parent\" data-id=\"53e1cfd\" data-element_type=\"container\" data-settings=\"{&quot;_ha_eqh_enable&quot;:false}\" data-core-v316-plus=\"true\">\n\t\t\t\t<div class=\"elementor-element elementor-element-71c1433 elementor-widget elementor-widget-image\" data-id=\"71c1433\" data-element_type=\"widget\" data-widget_type=\"image.default\">\n\t\t\t\t<div class=\"elementor-widget-container\">\n\t\t\t\t\t\t\t\t\t\t\t\t\t\t<a href=\"https:\/\/go-webdesign.ch\/wp-content\/uploads\/2023\/06\/IMG_3708-scaled.jpeg\" data-elementor-open-lightbox=\"yes\" data-elementor-lightbox-title=\"IMG_3708\" data-e-action-hash=\"#elementor-action%3Aaction%3Dlightbox%26settings%3DeyJpZCI6NDk1LCJ1cmwiOiJodHRwczpcL1wvZ28td2ViZGVzaWduLmNoXC93cC1jb250ZW50XC91cGxvYWRzXC8yMDIzXC8wNlwvSU1HXzM3MDgtc2NhbGVkLmpwZWcifQ%3D%3D\">\n\t\t\t\t\t\t\t<img loading=\"lazy\" decoding=\"async\" width=\"800\" height=\"600\" src=\"https:\/\/go-webdesign.ch\/wp-content\/uploads\/2023\/06\/IMG_3708-1024x768.jpeg\" class=\"attachment-large size-large wp-image-495\" alt=\"\" srcset=\"https:\/\/go-webdesign.ch\/wp-content\/uploads\/2023\/06\/IMG_3708-1024x768.jpeg 1024w, https:\/\/go-webdesign.ch\/wp-content\/uploads\/2023\/06\/IMG_3708-300x225.jpeg 300w, https:\/\/go-webdesign.ch\/wp-content\/uploads\/2023\/06\/IMG_3708-768x576.jpeg 768w, https:\/\/go-webdesign.ch\/wp-content\/uploads\/2023\/06\/IMG_3708-1536x1152.jpeg 1536w, https:\/\/go-webdesign.ch\/wp-content\/uploads\/2023\/06\/IMG_3708-2048x1536.jpeg 2048w, https:\/\/go-webdesign.ch\/wp-content\/uploads\/2023\/06\/IMG_3708-500x375.jpeg 500w, https:\/\/go-webdesign.ch\/wp-content\/uploads\/2023\/06\/IMG_3708-800x600.jpeg 800w, https:\/\/go-webdesign.ch\/wp-content\/uploads\/2023\/06\/IMG_3708-1280x960.jpeg 1280w, https:\/\/go-webdesign.ch\/wp-content\/uploads\/2023\/06\/IMG_3708-1920x1440.jpeg 1920w\" sizes=\"(max-width: 800px) 100vw, 800px\" \/>\t\t\t\t\t\t\t\t<\/a>\n\t\t\t\t\t\t\t\t\t\t\t\t\t<\/div>\n\t\t\t\t<\/div>\n\t\t\t\t<div class=\"elementor-element elementor-element-f382659 elementor-widget elementor-widget-text-editor\" data-id=\"f382659\" data-element_type=\"widget\" data-widget_type=\"text-editor.default\">\n\t\t\t\t<div class=\"elementor-widget-container\">\n\t\t\t\t\t\t\t<h3>Eine bunte Truppe<\/h3><p>Sie geniessen es zusammen und ergeben ein gutes Team. Irgendwie kommunizieren sie miteinander und erz\u00e4hlen sich dies und das.<\/p>\t\t\t\t\t\t<\/div>\n\t\t\t\t<\/div>\n\t\t\t\t<\/div>\n\t\t<div class=\"elementor-element elementor-element-59bfb3e e-con-full e-flex e-con e-parent\" data-id=\"59bfb3e\" data-element_type=\"container\" data-settings=\"{&quot;_ha_eqh_enable&quot;:false}\" data-core-v316-plus=\"true\">\n\t\t\t\t<\/div>\n\t\t<div class=\"elementor-element elementor-element-15e3425 e-con-full e-flex e-con e-parent\" data-id=\"15e3425\" data-element_type=\"container\" data-settings=\"{&quot;_ha_eqh_enable&quot;:false}\" data-core-v316-plus=\"true\">\n\t\t\t\t<\/div>\n\t\t<div class=\"elementor-element elementor-element-3b7bdfd e-con-full e-flex e-con e-parent\" data-id=\"3b7bdfd\" data-element_type=\"container\" data-settings=\"{&quot;_ha_eqh_enable&quot;:false}\" data-core-v316-plus=\"true\">\n\t\t\t\t<\/div>\n\t\t<div class=\"elementor-element elementor-element-f08c9ba e-con-full e-flex e-con e-parent\" data-id=\"f08c9ba\" data-element_type=\"container\" data-settings=\"{&quot;_ha_eqh_enable&quot;:false}\" data-core-v316-plus=\"true\">\n\t\t\t\t<\/div>\n\t\t<div class=\"elementor-element elementor-element-e8fc919 e-con-full e-flex e-con e-parent\" data-id=\"e8fc919\" data-element_type=\"container\" data-settings=\"{&quot;_ha_eqh_enable&quot;:false}\" data-core-v316-plus=\"true\">\n\t\t\t\t<\/div>\n\t\t\t\t<\/div>\n\t\t<div class=\"elementor-element elementor-element-fbe78c3 e-flex e-con-boxed e-con e-parent\" data-id=\"fbe78c3\" data-element_type=\"container\" data-settings=\"{&quot;_ha_eqh_enable&quot;:false}\" data-core-v316-plus=\"true\">\n\t\t\t\t\t<div class=\"e-con-inner\">\n\t\t\t\t<div class=\"elementor-element elementor-element-af607bc eael-flipbox-content-align-center elementor-widget elementor-widget-eael-flip-box\" data-id=\"af607bc\" data-element_type=\"widget\" data-widget_type=\"eael-flip-box.default\">\n\t\t\t\t<div class=\"elementor-widget-container\">\n\t\t\t\n        <div class=\"eael-elements-flip-box-container eael-animate-flip eael-animate-left eael-content\">\n\n            <div class=\"eael-elements-flip-box-flip-card\">\n                <div class=\"eael-elements-flip-box-front-container\">\n\n                    \n                        <div class=\"eael-elements-slider-display-table\">\n                            <div class=\"eael-elements-flip-box-vertical-align\">\n                                <div class=\"eael-elements-flip-box-padding\">\n                                    <div class=\"eael-elements-flip-box-icon-image\">\n                                                                                    <i aria-hidden=\"true\" class=\"ea-flipbox-icon fas fa-snowflake\"><\/i>                                                                                    <\/div>\n                                                                        <h2 class=\"eael-elements-flip-box-heading\">Vorderseite<\/h2>\n                                                                        <div class=\"eael-elements-flip-box-content\">\n\t                                                                            <p>Das ist die Vorderseite<\/p>                                    <\/div>\n                                <\/div>\n                            <\/div>\n                        <\/div>\n                                    <\/div>\n\n                <div class=\"eael-elements-flip-box-rear-container\">\n\n                                            <div class=\"eael-elements-slider-display-table\">\n                            <div class=\"eael-elements-flip-box-vertical-align\">\n                                <div class=\"eael-elements-flip-box-padding\">\n                                                                            <div class=\"eael-elements-flip-box-icon-image\">\n                                            <i aria-hidden=\"true\" class=\"ea-flipbox-icon fas fa-snowflake\"><\/i>                                                <\/div>\n                                                                                                            <h2 class=\"eael-elements-flip-box-heading\">R\u00fcckseite<\/h2>\n                                                                        <div class=\"eael-elements-flip-box-content\">\n                                                                                <p>Das ist die R\u00fcckseite<\/p>                                    <\/div>\n\n                                                                    <\/div>\n                            <\/div>\n                        <\/div>\n                                    <\/div>\n            <\/div>\n        <\/div>\n\n\t\t<\/div>\n\t\t\t\t<\/div>\n\t\t\t\t\t<\/div>\n\t\t\t\t<\/div>\n\t\t\t\t<\/div>\n\t\t","protected":false},"excerpt":{"rendered":"<p>Bis nach Frauenkappelen Das Huhn schaut nach Frauenkappelen und zum dahin serbelnden Kastanienbaum. Leider lassen es die gr\u00f6sseren V\u00f6gel nicht zu, dass in den zwei Vogelh\u00e4uschen kleinere V\u00f6gel ihre Eier hineinlegen.\u00a0 Bl\u00fchende Pfingstrosen\u00a0 Sie versch\u00f6nert die Fassade und passt sich allem an. Sie bl\u00fcht eine kurze Zeit und wir k\u00f6nnen uns daran erfreuen. Andere Perspektive [&hellip;]<\/p>\n","protected":false},"author":1,"featured_media":0,"parent":0,"menu_order":0,"comment_status":"closed","ping_status":"closed","template":"","meta":{"_vp_format_video_url":"","_vp_image_focal_point":[],"footnotes":""},"class_list":["post-21","page","type-page","status-publish","hentry"],"_links":{"self":[{"href":"https:\/\/go-webdesign.ch\/index.php\/wp-json\/wp\/v2\/pages\/21","targetHints":{"allow":["GET"]}}],"collection":[{"href":"https:\/\/go-webdesign.ch\/index.php\/wp-json\/wp\/v2\/pages"}],"about":[{"href":"https:\/\/go-webdesign.ch\/index.php\/wp-json\/wp\/v2\/types\/page"}],"author":[{"embeddable":true,"href":"https:\/\/go-webdesign.ch\/index.php\/wp-json\/wp\/v2\/users\/1"}],"replies":[{"embeddable":true,"href":"https:\/\/go-webdesign.ch\/index.php\/wp-json\/wp\/v2\/comments?post=21"}],"version-history":[{"count":53,"href":"https:\/\/go-webdesign.ch\/index.php\/wp-json\/wp\/v2\/pages\/21\/revisions"}],"predecessor-version":[{"id":675,"href":"https:\/\/go-webdesign.ch\/index.php\/wp-json\/wp\/v2\/pages\/21\/revisions\/675"}],"wp:attachment":[{"href":"https:\/\/go-webdesign.ch\/index.php\/wp-json\/wp\/v2\/media?parent=21"}],"curies":[{"name":"wp","href":"https:\/\/api.w.org\/{rel}","templated":true}]}}